{"id":2451,"date":"2025-08-18T14:47:23","date_gmt":"2025-08-18T14:47:23","guid":{"rendered":"https:\/\/dummy.xtemos.com\/woodmart2\/pets-elementor\/product\/tropiclean-fresh-breath-cat-oral-care-kit\/"},"modified":"2025-08-18T14:47:23","modified_gmt":"2025-08-18T14:47:23","slug":"tropiclean-fresh-breath-cat-oral-care-kit","status":"publish","type":"product","link":"https:\/\/pattesdazur.com\/fr\/product\/tropiclean-fresh-breath-cat-oral-care-kit\/","title":{"rendered":"Kit de soins bucco-dentaires pour chats Tropiclean Fresh Breath"},"content":{"rendered":"<div data-elementor-type=\"wp-post\" data-elementor-id=\"2451\" class=\"elementor elementor-2451\">\n\t\t\t\t<div class=\"wd-negative-gap elementor-element elementor-element-8aba541 e-flex e-con-boxed e-con e-parent\" data-id=\"8aba541\" data-element_type=\"container\" data-e-type=\"container\">\n\t\t\t\t\t<div class=\"e-con-inner\">\n\t\t\t\t<div class=\"elementor-element elementor-element-0ef50f9 elementor-widget elementor-widget-wd_text_block\" data-id=\"0ef50f9\" data-element_type=\"widget\" data-e-type=\"widget\" data-widget_type=\"wd_text_block.default\">\n\t\t\t\t<div class=\"elementor-widget-container\">\n\t\t\t\t\t\t\t<div class=\"wd-text-block reset-last-child text-left\">\n\t\t\t\n\t\t\t<p>Une alimentation naturelle* savoureuse pour une vie longue et heureuse. Avec une queue qui remue et des l\u00e9chouilles sur le visage, personne ne peut dire bonjour comme votre chien. Parce que chaque moment que vous passez ensemble est sp\u00e9cial, nous nous effor\u00e7ons de vous en offrir davantage. Avec des ingr\u00e9dients naturels et les bons nutriments, Hill's Science Diet est pr\u00e9cis\u00e9ment pr\u00e9par\u00e9 pour offrir \u00e0 votre chien la nutrition dont il a besoin pour \u00eatre heureux et en bonne sant\u00e9 tout au long de sa vie.<\/p><p id=\"wd-07478966\" class=\"wp-block-wd-paragraph\">Nous fabriquons chaque sac de nos aliments secs pour chiens dans nos propres installations aux \u00c9tats-Unis avec des ingr\u00e9dients de la plus haute qualit\u00e9 provenant d'Am\u00e9rique du Nord, d'Europe et de Nouvelle-Z\u00e9lande. Ces ingr\u00e9dients doivent r\u00e9pondre \u00e0 nos exigences strictes en mati\u00e8re de puret\u00e9 et de teneur en nutriments, qui d\u00e9passent les normes de l'industrie.<\/p><p id=\"wd-482f722e\" class=\"wp-block-wd-paragraph\">Vous pouvez faire la diff\u00e9rence dans la vie des animaux de refuge. Avec chaque achat de Science Diet, vous aidez \u00e0 nourrir plus de 100 000 animaux sans abri chaque jour, 365 jours par an.<br \/>Pour en savoir plus, consultez le site hillsfoodshelterlove.com.<\/p><p id=\"wd-f9f557a8\" class=\"wp-block-wd-paragraph\">*Vitamines, min\u00e9raux et acides amin\u00e9s<\/p>\n\t\t\t\t\t<\/div>\n\t\t\t\t\t\t<\/div>\n\t\t\t\t<\/div>\n\t\t\t\t\t<\/div>\n\t\t\t\t<\/div>\n\t\t\t\t<\/div>","protected":false},"excerpt":{"rendered":"<p>Si les sympt\u00f4mes r\u00e9apparaissent, r\u00e9p\u00e9ter la dose initiale. Cesser l'utilisation lorsque les sympt\u00f4mes disparaissent<\/p>","protected":false},"featured_media":2429,"comment_status":"open","ping_status":"closed","template":"","meta":[],"product_brand":[92],"product_cat":[30],"product_tag":[],"class_list":{"0":"post-2451","1":"product","2":"type-product","3":"status-publish","4":"has-post-thumbnail","6":"product_brand-tetra","7":"product_cat-all-health-wellness","9":"first","10":"instock","11":"shipping-taxable","12":"purchasable","13":"product-type-simple"},"_links":{"self":[{"href":"https:\/\/pattesdazur.com\/fr\/wp-json\/wp\/v2\/product\/2451","targetHints":{"allow":["GET"]}}],"collection":[{"href":"https:\/\/pattesdazur.com\/fr\/wp-json\/wp\/v2\/product"}],"about":[{"href":"https:\/\/pattesdazur.com\/fr\/wp-json\/wp\/v2\/types\/product"}],"replies":[{"embeddable":true,"href":"https:\/\/pattesdazur.com\/fr\/wp-json\/wp\/v2\/comments?post=2451"}],"version-history":[{"count":0,"href":"https:\/\/pattesdazur.com\/fr\/wp-json\/wp\/v2\/product\/2451\/revisions"}],"wp:featuredmedia":[{"embeddable":true,"href":"https:\/\/pattesdazur.com\/fr\/wp-json\/wp\/v2\/media\/2429"}],"wp:attachment":[{"href":"https:\/\/pattesdazur.com\/fr\/wp-json\/wp\/v2\/media?parent=2451"}],"wp:term":[{"taxonomy":"product_brand","embeddable":true,"href":"https:\/\/pattesdazur.com\/fr\/wp-json\/wp\/v2\/product_brand?post=2451"},{"taxonomy":"product_cat","embeddable":true,"href":"https:\/\/pattesdazur.com\/fr\/wp-json\/wp\/v2\/product_cat?post=2451"},{"taxonomy":"product_tag","embeddable":true,"href":"https:\/\/pattesdazur.com\/fr\/wp-json\/wp\/v2\/product_tag?post=2451"}],"curies":[{"name":"wp","href":"https:\/\/api.w.org\/{rel}","templated":true}]}}